{"id":3318,"date":"2023-05-03T14:39:37","date_gmt":"2023-05-03T12:39:37","guid":{"rendered":"https:\/\/www.curaleafeducation.it\/privacy-cookie-policy\/"},"modified":"2025-02-05T14:11:05","modified_gmt":"2025-02-05T13:11:05","slug":"privacy-cookie-policy","status":"publish","type":"page","link":"https:\/\/www.curaleafeducation.it\/sv\/privacy-cookie-policy\/","title":{"rendered":"Privacy &#038; Cookie Policy"},"content":{"rendered":"<p><a href=\"https:\/\/www.iubenda.com\/privacy-policy\/11484235\" class=\"iubenda-white iubenda-noiframe iubenda-embed iubenda-noiframe iub-body-embed\" title=\"Integritetspolicy\">Integritetspolicy<\/a><script type=\"text\/javascript\">(function (w,d) {var loader = function () {var s = d.createElement(\"script\"), tag = d.getElementsByTagName(\"script\")[0]; s.src=\"https:\/\/cdn.iubenda.com\/iubenda.js\"; tag.parentNode.insertBefore(s,tag);}; if(w.addEventListener){w.addEventListener(\"load\", loader, false);}else if(w.attachEvent){w.attachEvent(\"onload\", loader);}else{w.onload = loader;}})(window, document);<\/script><\/p>\n<p><a href=\"https:\/\/www.iubenda.com\/privacy-policy\/11484235\/cookie-policy\" class=\"iubenda-white iubenda-noiframe iubenda-embed iubenda-noiframe iub-body-embed\" title=\"Cookiepolicy\">Cookiepolicy<\/a><script type=\"text\/javascript\">(function (w,d) {var loader = function () {var s = d.createElement(\"script\"), tag = d.getElementsByTagName(\"script\")[0]; s.src=\"https:\/\/cdn.iubenda.com\/iubenda.js\"; tag.parentNode.insertBefore(s,tag);}; if(w.addEventListener){w.addEventListener(\"load\", loader, false);}else if(w.attachEvent){w.attachEvent(\"onload\", loader);}else{w.onload = loader;}})(window, document);<\/script><\/p>\n<p><strong>Ansvarsfriskrivning<\/strong><br \/>\nBilderna som anv\u00e4nds i artiklarna p\u00e5 denna webbplats \u00e4r endast avsedda f\u00f6r illustrativa \u00e4ndam\u00e5l och \u00e4r inte avsedda att fungera som marknadsf\u00f6ringsmaterial. De anv\u00e4nds f\u00f6r att underl\u00e4tta l\u00e4sarens f\u00f6rst\u00e5else och representerar inga specifika produkter, tj\u00e4nster eller rekommendationer.<br \/>\nVi str\u00e4var efter att s\u00e4kerst\u00e4lla noggrannhet och relevans i de bilder som anv\u00e4nds; f\u00f6retaget tar dock inget ansvar f\u00f6r eventuella misstolkningar eller oavsiktliga associationer som uppst\u00e5r vid deras anv\u00e4ndning.<\/p>\n","protected":false},"excerpt":{"rendered":"<p>Integritetspolicy Cookiepolicy Ansvarsfriskrivning Bilderna som anv\u00e4nds i artiklarna p\u00e5 denna webbplats \u00e4r endast avsedda f\u00f6r illustrativa \u00e4ndam\u00e5l och \u00e4r inte avsedda att fungera som marknadsf\u00f6ringsmaterial. De anv\u00e4nds f\u00f6r att underl\u00e4tta&#8230;<\/p>\n","protected":false},"author":1,"featured_media":0,"parent":0,"menu_order":0,"comment_status":"closed","ping_status":"open","template":"","meta":{"_acf_changed":false,"inline_featured_image":false,"footnotes":""},"class_list":["post-3318","page","type-page","status-publish"],"acf":[],"_links":{"self":[{"href":"https:\/\/www.curaleafeducation.it\/sv\/wp-json\/wp\/v2\/pages\/3318","targetHints":{"allow":["GET"]}}],"collection":[{"href":"https:\/\/www.curaleafeducation.it\/sv\/wp-json\/wp\/v2\/pages"}],"about":[{"href":"https:\/\/www.curaleafeducation.it\/sv\/wp-json\/wp\/v2\/types\/page"}],"author":[{"embeddable":true,"href":"https:\/\/www.curaleafeducation.it\/sv\/wp-json\/wp\/v2\/users\/1"}],"replies":[{"embeddable":true,"href":"https:\/\/www.curaleafeducation.it\/sv\/wp-json\/wp\/v2\/comments?post=3318"}],"version-history":[{"count":2,"href":"https:\/\/www.curaleafeducation.it\/sv\/wp-json\/wp\/v2\/pages\/3318\/revisions"}],"predecessor-version":[{"id":5270,"href":"https:\/\/www.curaleafeducation.it\/sv\/wp-json\/wp\/v2\/pages\/3318\/revisions\/5270"}],"wp:attachment":[{"href":"https:\/\/www.curaleafeducation.it\/sv\/wp-json\/wp\/v2\/media?parent=3318"}],"curies":[{"name":"wp","href":"https:\/\/api.w.org\/{rel}","templated":true}]}}