{"id":3216,"date":"2023-09-25T11:25:45","date_gmt":"2023-09-25T09:25:45","guid":{"rendered":"https:\/\/www.curaleafeducation.it\/chi-siamo\/"},"modified":"2025-01-24T15:32:03","modified_gmt":"2025-01-24T14:32:03","slug":"om-oss","status":"publish","type":"page","link":"https:\/\/www.curaleafeducation.it\/sv\/om-oss\/","title":{"rendered":"Om oss"},"content":{"rendered":"[vc_row type=&#8221;in_container&#8221; full_screen_row_position=&#8221;middle&#8221; column_margin=&#8221;default&#8221; equal_height=&#8221;yes&#8221; content_placement=&#8221;middle&#8221; column_direction=&#8221;default&#8221; column_direction_tablet=&#8221;default&#8221; column_direction_phone=&#8221;default&#8221; scene_position=&#8221;center&#8221; top_padding=&#8221;0&#8243; bottom_padding=&#8221;5%&#8221; text_color=&#8221;dark&#8221; text_align=&#8221;left&#8221; row_border_radius=&#8221;none&#8221; row_border_radius_applies=&#8221;bg&#8221; overflow=&#8221;visible&#8221; overlay_strength=&#8221;0.3&#8243; gradient_direction=&#8221;left_to_right&#8221; shape_divider_position=&#8221;bottom&#8221; bg_image_animation=&#8221;none&#8221; shape_type=&#8221;&#8221; gradient_type=&#8221;default&#8221;][vc_column column_padding=&#8221;padding-10-percent&#8221; column_padding_tablet=&#8221;inherit&#8221; column_padding_phone=&#8221;inherit&#8221; column_padding_position=&#8221;all&#8221; translate_y=&#8221;20px&#8221; translate_x=&#8221;10%&#8221; translate_y_tablet=&#8221;30px&#8221; translate_x_tablet=&#8221;0px&#8221; translate_x_phone=&#8221;nonw&#8221; column_element_direction_desktop=&#8221;default&#8221; column_element_spacing=&#8221;default&#8221; desktop_text_alignment=&#8221;default&#8221; tablet_text_alignment=&#8221;default&#8221; phone_text_alignment=&#8221;default&#8221; background_color=&#8221;#e8edeb&#8221; background_color_opacity=&#8221;1&#8243; background_hover_color_opacity=&#8221;1&#8243; column_backdrop_filter=&#8221;none&#8221; column_shadow=&#8221;none&#8221; column_border_radius=&#8221;20px&#8221; column_link_target=&#8221;_self&#8221; column_position=&#8221;default&#8221; gradient_direction=&#8221;left_t_to_right_b&#8221; overlay_strength=&#8221;1&#8243; width=&#8221;7\/12&#8243; tablet_width_inherit=&#8221;default&#8221; animation_type=&#8221;default&#8221; bg_image_animation=&#8221;none&#8221; border_type=&#8221;simple&#8221; column_border_width=&#8221;none&#8221; column_border_style=&#8221;solid&#8221; column_padding_type=&#8221;default&#8221; gradient_type=&#8221;default&#8221;][vc_row_inner column_margin=&#8221;default&#8221; column_direction=&#8221;default&#8221; column_direction_tablet=&#8221;default&#8221; column_direction_phone=&#8221;default&#8221; translate_x=&#8221;-15%&#8221; translate_x_tablet=&#8221;0%&#8221; translate_x_phone=&#8221;0%&#8221; text_align=&#8221;left&#8221; row_position=&#8221;default&#8221; row_position_tablet=&#8221;inherit&#8221; row_position_phone=&#8221;inherit&#8221; overflow=&#8221;visible&#8221; pointer_events=&#8221;all&#8221;][vc_column_inner column_padding=&#8221;no-extra-padding&#8221; column_padding_tablet=&#8221;inherit&#8221; column_padding_phone=&#8221;inherit&#8221; column_padding_position=&#8221;all&#8221; column_element_direction_desktop=&#8221;default&#8221; column_element_spacing=&#8221;default&#8221; desktop_text_alignment=&#8221;default&#8221; tablet_text_alignment=&#8221;default&#8221; phone_text_alignment=&#8221;default&#8221; background_color_opacity=&#8221;1&#8243; background_hover_color_opacity=&#8221;1&#8243; column_backdrop_filter=&#8221;none&#8221; column_shadow=&#8221;none&#8221; column_border_radius=&#8221;none&#8221; column_link_target=&#8221;_self&#8221; overflow=&#8221;visible&#8221; gradient_direction=&#8221;left_to_right&#8221; overlay_strength=&#8221;0.3&#8243; width=&#8221;1\/1&#8243; tablet_width_inherit=&#8221;default&#8221; animation_type=&#8221;default&#8221; bg_image_animation=&#8221;none&#8221; border_type=&#8221;simple&#8221; column_border_width=&#8221;none&#8221; column_border_style=&#8221;solid&#8221;][vc_column_text css_animation=&#8221;none&#8221; css=&#8221;.vc_custom_1737559847089{margin-bottom: 40px !important;}&#8221; max_width=&#8221;550&#8243; text_direction=&#8221;default&#8221;]\n<h2><span style=\"color: #084c5f;\">Om oss<\/span><\/h2>\n[\/vc_column_text][vc_column_text css_animation=&#8221;none&#8221; css=&#8221;.vc_custom_1737714248048{margin-bottom: 40px !important;}&#8221; max_width=&#8221;550&#8243; text_direction=&#8221;default&#8221;]<span style=\"font-weight: 400;\">Curaleaf Education \u00e4r en plattform vars syfte \u00e4r att tillhandah\u00e5lla evidensbaserad information och f\u00f6rb\u00e4ttra f\u00f6rst\u00e5elsen f\u00f6r medicinsk cannabis. Denna plattform v\u00e4gleds av forskning, medk\u00e4nsla och innovation och fungerar som en plats f\u00f6r intressenter \u00f6ver hela v\u00e4rlden f\u00f6r att f\u00f6rst\u00e5 potentialen hos cannabisbaserad medicin.<\/span><\/p>\n<p><b>V\u00e4rdet av utbildning<\/b><\/p>\n<p><span style=\"font-weight: 400;\">Medicinsk cannabis \u00e4r ett dynamiskt omr\u00e5de inom medicin, med banbrytande forskning och nya terapeutiska m\u00f6jligheter som dyker upp regelbundet. Utbildning \u00e4r h\u00f6rnstenen f\u00f6r att fr\u00e4mja patientv\u00e5rd och ge h\u00e4lso- och sjukv\u00e5rdspersonal m\u00f6jlighet att fatta v\u00e4lgrundade beslut.<\/span><\/p>\n<p><span style=\"font-weight: 400;\">F\u00f6r h\u00e4lso- och sjukv\u00e5rdspersonal \u00e4r syftet med detta st\u00e4ndigt v\u00e4xande bibliotek av resurser, inklusive de senaste studierna, expertutl\u00e5tanden och praktisk v\u00e4gledning, att fr\u00e4mja en djupare f\u00f6rst\u00e5else f\u00f6r medicinsk cannabis.<\/span><\/p>\n<p><b>Str\u00e4van efter att utveckla kunskap<\/b><\/p>\n<p><span style=\"font-weight: 400;\">Denna webbplats kommer att v\u00e4xa och anpassas efter det snabbt framv\u00e4xande landskapet f\u00f6r reglering av och forskning kring medicinsk cannabis. Vi str\u00e4var efter att tillhandah\u00e5lla tillf\u00f6rlitlig och korrekt information och d\u00e4rf\u00f6r granskas inneh\u00e5llet p\u00e5 denna webbplats regelbundet och uppdateras kontinuerligt med den senaste forskningen.<\/span><\/p>\n<p><b>Presenteras av Curaleaf International<\/b><span style=\"font-weight: 400;\">\u00a0<\/span><\/p>\n<p><span style=\"font-weight: 400;\">Som ett v\u00e4rldsledande f\u00f6retag inom medicinsk cannabis med en vision att forma framtiden f\u00f6r cannabis \u00e4r utbildning grundl\u00e4ggande f\u00f6r Curaleaf International. Syftet med denna plattform \u00e4r att \u00f6verbrygga klyftan mellan vetenskap och samh\u00e4lle, och tillhandah\u00e5lla korrekt information f\u00f6r att underl\u00e4tta att ta v\u00e4lgrundade beslut, samtidigt som den str\u00e4var efter att fr\u00e4mja global medvetenhet om den terapeutiska potentialen hos medicinsk cannabis.<\/span><\/p>\n<p><span style=\"font-weight: 400;\">Curaleaf International specialiserar sig p\u00e5 odling, produktion, tillverkning och distribution av medicinsk cannabis \u2013 fr\u00e5n fr\u00f6 till patient. Mer information om Curaleaf International finns p\u00e5 <\/span><a href=\"http:\/\/www.curaleafinternational.com\"><span style=\"font-weight: 400;\">www.curaleafinternational.com<\/span><\/a><span style=\"font-weight: 400;\">.\u00a0<\/span>[\/vc_column_text][\/vc_column_inner][\/vc_row_inner][\/vc_column][vc_column column_padding=&#8221;no-extra-padding&#8221; column_padding_tablet=&#8221;inherit&#8221; column_padding_phone=&#8221;inherit&#8221; column_padding_position=&#8221;all&#8221; top_margin_phone=&#8221;10%&#8221; column_element_direction_desktop=&#8221;default&#8221; column_element_spacing=&#8221;default&#8221; desktop_text_alignment=&#8221;default&#8221; tablet_text_alignment=&#8221;default&#8221; phone_text_alignment=&#8221;default&#8221; background_color_opacity=&#8221;1&#8243; background_hover_color_opacity=&#8221;1&#8243; column_backdrop_filter=&#8221;none&#8221; column_shadow=&#8221;none&#8221; column_border_radius=&#8221;20px&#8221; column_link_target=&#8221;_self&#8221; column_position=&#8221;default&#8221; zindex=&#8221;100&#8243; gradient_direction=&#8221;left_to_right&#8221; overlay_strength=&#8221;0.3&#8243; width=&#8221;5\/12&#8243; tablet_width_inherit=&#8221;default&#8221; animation_type=&#8221;default&#8221; bg_image_animation=&#8221;none&#8221; border_type=&#8221;simple&#8221; column_border_width=&#8221;none&#8221; column_border_style=&#8221;solid&#8221; column_padding_type=&#8221;default&#8221; gradient_type=&#8221;default&#8221;][vc_row_inner column_margin=&#8221;default&#8221; column_direction=&#8221;default&#8221; column_direction_tablet=&#8221;default&#8221; column_direction_phone=&#8221;default&#8221; text_align=&#8221;left&#8221; row_position=&#8221;default&#8221; row_position_tablet=&#8221;inherit&#8221; row_position_phone=&#8221;inherit&#8221; overflow=&#8221;visible&#8221; pointer_events=&#8221;all&#8221;][vc_column_inner column_padding=&#8221;no-extra-padding&#8221; column_padding_tablet=&#8221;inherit&#8221; column_padding_phone=&#8221;inherit&#8221; column_padding_position=&#8221;all&#8221; column_element_direction_desktop=&#8221;default&#8221; column_element_spacing=&#8221;default&#8221; desktop_text_alignment=&#8221;default&#8221; tablet_text_alignment=&#8221;default&#8221; phone_text_alignment=&#8221;default&#8221; background_color_opacity=&#8221;1&#8243; background_hover_color_opacity=&#8221;1&#8243; column_backdrop_filter=&#8221;none&#8221; column_shadow=&#8221;none&#8221; column_border_radius=&#8221;20px&#8221; column_link_target=&#8221;_self&#8221; overflow=&#8221;visible&#8221; gradient_direction=&#8221;left_to_right&#8221; overlay_strength=&#8221;0.3&#8243; width=&#8221;1\/1&#8243; tablet_width_inherit=&#8221;default&#8221; animation_type=&#8221;default&#8221; bg_image_animation=&#8221;none&#8221; border_type=&#8221;simple&#8221; column_border_width=&#8221;none&#8221; column_border_style=&#8221;solid&#8221; column_padding_type=&#8221;default&#8221; gradient_type=&#8221;default&#8221;][image_with_animation image_url=&#8221;1348&#8243; image_size=&#8221;full&#8221; animation_type=&#8221;entrance&#8221; animation=&#8221;Fade In&#8221; animation_easing=&#8221;default&#8221; animation_movement_type=&#8221;transform_y&#8221; hover_animation=&#8221;none&#8221; alignment=&#8221;right&#8221; border_radius=&#8221;20px&#8221; box_shadow=&#8221;none&#8221; image_loading=&#8221;default&#8221; max_width=&#8221;125%&#8221; max_width_mobile=&#8221;default&#8221; margin_top=&#8221;25%&#8221; margin_bottom=&#8221;25%&#8221; margin_top_tablet=&#8221;0px&#8221; margin_bottom_tablet=&#8221;0px&#8221; margin_top_phone=&#8221;0px&#8221; margin_bottom_phone=&#8221;0px&#8221;][\/vc_column_inner][\/vc_row_inner][\/vc_column][\/vc_row]\n","protected":false},"excerpt":{"rendered":"<p>[vc_row type=&#8221;in_container&#8221; full_screen_row_position=&#8221;middle&#8221; column_margin=&#8221;default&#8221; equal_height=&#8221;yes&#8221; content_placement=&#8221;middle&#8221; column_direction=&#8221;default&#8221; column_direction_tablet=&#8221;default&#8221; column_direction_phone=&#8221;default&#8221; scene_position=&#8221;center&#8221; top_padding=&#8221;0&#8243; bottom_padding=&#8221;5%&#8221; text_color=&#8221;dark&#8221; text_align=&#8221;left&#8221; row_border_radius=&#8221;none&#8221; row_border_radius_applies=&#8221;bg&#8221; overflow=&#8221;visible&#8221; overlay_strength=&#8221;0.3&#8243; gradient_direction=&#8221;left_to_right&#8221; shape_divider_position=&#8221;bottom&#8221; bg_image_animation=&#8221;none&#8221; shape_type=&#8221;&#8221; gradient_type=&#8221;default&#8221;][vc_column column_padding=&#8221;padding-10-percent&#8221; column_padding_tablet=&#8221;inherit&#8221; column_padding_phone=&#8221;inherit&#8221; column_padding_position=&#8221;all&#8221; translate_y=&#8221;20px&#8221; translate_x=&#8221;10%&#8221; translate_y_tablet=&#8221;30px&#8221;&#8230;<\/p>\n","protected":false},"author":1,"featured_media":0,"parent":0,"menu_order":0,"comment_status":"closed","ping_status":"closed","template":"","meta":{"_acf_changed":false,"inline_featured_image":false,"footnotes":""},"class_list":["post-3216","page","type-page","status-publish"],"acf":[],"_links":{"self":[{"href":"https:\/\/www.curaleafeducation.it\/sv\/wp-json\/wp\/v2\/pages\/3216","targetHints":{"allow":["GET"]}}],"collection":[{"href":"https:\/\/www.curaleafeducation.it\/sv\/wp-json\/wp\/v2\/pages"}],"about":[{"href":"https:\/\/www.curaleafeducation.it\/sv\/wp-json\/wp\/v2\/types\/page"}],"author":[{"embeddable":true,"href":"https:\/\/www.curaleafeducation.it\/sv\/wp-json\/wp\/v2\/users\/1"}],"replies":[{"embeddable":true,"href":"https:\/\/www.curaleafeducation.it\/sv\/wp-json\/wp\/v2\/comments?post=3216"}],"version-history":[{"count":7,"href":"https:\/\/www.curaleafeducation.it\/sv\/wp-json\/wp\/v2\/pages\/3216\/revisions"}],"predecessor-version":[{"id":4986,"href":"https:\/\/www.curaleafeducation.it\/sv\/wp-json\/wp\/v2\/pages\/3216\/revisions\/4986"}],"wp:attachment":[{"href":"https:\/\/www.curaleafeducation.it\/sv\/wp-json\/wp\/v2\/media?parent=3216"}],"curies":[{"name":"wp","href":"https:\/\/api.w.org\/{rel}","templated":true}]}}