{"id":3317,"date":"2023-05-03T14:39:37","date_gmt":"2023-05-03T12:39:37","guid":{"rendered":"https:\/\/www.curaleafeducation.it\/privacy-cookie-policy\/"},"modified":"2025-02-05T14:09:29","modified_gmt":"2025-02-05T13:09:29","slug":"privacy-cookie-policy","status":"publish","type":"page","link":"https:\/\/www.curaleafeducation.it\/pl\/privacy-cookie-policy\/","title":{"rendered":"Privacy &#038; Cookie Policy"},"content":{"rendered":"<p><a href=\"https:\/\/www.iubenda.com\/privacy-policy\/88167121\" class=\"iubenda-white iubenda-noiframe iubenda-embed iubenda-noiframe iub-body-embed\" title=\"Polityka prywatno\u015bci\">Polityka prywatno\u015bci<\/a><script type=\"text\/javascript\">(function (w,d) {var loader = function () {var s = d.createElement(\"script\"), tag = d.getElementsByTagName(\"script\")[0]; s.src=\"https:\/\/cdn.iubenda.com\/iubenda.js\"; tag.parentNode.insertBefore(s,tag);}; if(w.addEventListener){w.addEventListener(\"load\", loader, false);}else if(w.attachEvent){w.attachEvent(\"onload\", loader);}else{w.onload = loader;}})(window, document);<\/script><\/p>\n<p><a href=\"https:\/\/www.iubenda.com\/privacy-policy\/88167121\/cookie-policy\" class=\"iubenda-white iubenda-noiframe iubenda-embed iubenda-noiframe iub-body-embed\" title=\"Polityka plik\u00f3w cookie\">Polityka plik\u00f3w cookie<\/a><script type=\"text\/javascript\">(function (w,d) {var loader = function () {var s = d.createElement(\"script\"), tag = d.getElementsByTagName(\"script\")[0]; s.src=\"https:\/\/cdn.iubenda.com\/iubenda.js\"; tag.parentNode.insertBefore(s,tag);}; if(w.addEventListener){w.addEventListener(\"load\", loader, false);}else if(w.attachEvent){w.attachEvent(\"onload\", loader);}else{w.onload = loader;}})(window, document);<\/script><\/p>\n<p><strong>Zastrze\u017cenie<\/strong><br \/>\nZdj\u0119cia u\u017cyte w artyku\u0142ach na tej stronie internetowej maj\u0105 charakter wy\u0142\u0105cznie ilustracyjny i nie s\u0105 przeznaczone do cel\u00f3w promocyjnych. Zosta\u0142y zamieszczone w celu u\u0142atwienia zrozumienia tre\u015bci i nie przedstawiaj\u0105 \u017cadnych konkretnych produkt\u00f3w, us\u0142ug ani rekomendacji.<br \/>\nDok\u0142adamy wszelkich stara\u0144, aby zapewni\u0107 dok\u0142adno\u015b\u0107 i adekwatno\u015b\u0107 wykorzystanych obraz\u00f3w; jednak firma nie ponosi odpowiedzialno\u015bci za b\u0142\u0119dne interpretacje lub niezamierzone skojarzenia wynikaj\u0105ce z ich u\u017cycia.<\/p>\n","protected":false},"excerpt":{"rendered":"<p>Polityka prywatno\u015bci Polityka plik\u00f3w cookie Zastrze\u017cenie Zdj\u0119cia u\u017cyte w artyku\u0142ach na tej stronie internetowej maj\u0105 charakter wy\u0142\u0105cznie ilustracyjny i nie s\u0105 przeznaczone do cel\u00f3w promocyjnych. Zosta\u0142y zamieszczone w celu u\u0142atwienia&#8230;<\/p>\n","protected":false},"author":1,"featured_media":0,"parent":0,"menu_order":0,"comment_status":"closed","ping_status":"open","template":"","meta":{"_acf_changed":false,"inline_featured_image":false,"footnotes":""},"class_list":["post-3317","page","type-page","status-publish"],"acf":[],"_links":{"self":[{"href":"https:\/\/www.curaleafeducation.it\/pl\/wp-json\/wp\/v2\/pages\/3317","targetHints":{"allow":["GET"]}}],"collection":[{"href":"https:\/\/www.curaleafeducation.it\/pl\/wp-json\/wp\/v2\/pages"}],"about":[{"href":"https:\/\/www.curaleafeducation.it\/pl\/wp-json\/wp\/v2\/types\/page"}],"author":[{"embeddable":true,"href":"https:\/\/www.curaleafeducation.it\/pl\/wp-json\/wp\/v2\/users\/1"}],"replies":[{"embeddable":true,"href":"https:\/\/www.curaleafeducation.it\/pl\/wp-json\/wp\/v2\/comments?post=3317"}],"version-history":[{"count":2,"href":"https:\/\/www.curaleafeducation.it\/pl\/wp-json\/wp\/v2\/pages\/3317\/revisions"}],"predecessor-version":[{"id":5269,"href":"https:\/\/www.curaleafeducation.it\/pl\/wp-json\/wp\/v2\/pages\/3317\/revisions\/5269"}],"wp:attachment":[{"href":"https:\/\/www.curaleafeducation.it\/pl\/wp-json\/wp\/v2\/media?parent=3317"}],"curies":[{"name":"wp","href":"https:\/\/api.w.org\/{rel}","templated":true}]}}