{"id":3214,"date":"2023-09-25T11:25:45","date_gmt":"2023-09-25T09:25:45","guid":{"rendered":"https:\/\/www.curaleafeducation.it\/chi-siamo\/"},"modified":"2025-01-24T15:32:06","modified_gmt":"2025-01-24T14:32:06","slug":"o-nas","status":"publish","type":"page","link":"https:\/\/www.curaleafeducation.it\/pl\/o-nas\/","title":{"rendered":"O nas"},"content":{"rendered":"[vc_row type=&#8221;in_container&#8221; full_screen_row_position=&#8221;middle&#8221; column_margin=&#8221;default&#8221; equal_height=&#8221;yes&#8221; content_placement=&#8221;middle&#8221; column_direction=&#8221;default&#8221; column_direction_tablet=&#8221;default&#8221; column_direction_phone=&#8221;default&#8221; scene_position=&#8221;center&#8221; top_padding=&#8221;0&#8243; bottom_padding=&#8221;5%&#8221; text_color=&#8221;dark&#8221; text_align=&#8221;left&#8221; row_border_radius=&#8221;none&#8221; row_border_radius_applies=&#8221;bg&#8221; overflow=&#8221;visible&#8221; overlay_strength=&#8221;0.3&#8243; gradient_direction=&#8221;left_to_right&#8221; shape_divider_position=&#8221;bottom&#8221; bg_image_animation=&#8221;none&#8221; shape_type=&#8221;&#8221; gradient_type=&#8221;default&#8221;][vc_column column_padding=&#8221;padding-10-percent&#8221; column_padding_tablet=&#8221;inherit&#8221; column_padding_phone=&#8221;inherit&#8221; column_padding_position=&#8221;all&#8221; translate_y=&#8221;20px&#8221; translate_x=&#8221;10%&#8221; translate_y_tablet=&#8221;30px&#8221; translate_x_tablet=&#8221;0px&#8221; translate_x_phone=&#8221;nonw&#8221; column_element_direction_desktop=&#8221;default&#8221; column_element_spacing=&#8221;default&#8221; desktop_text_alignment=&#8221;default&#8221; tablet_text_alignment=&#8221;default&#8221; phone_text_alignment=&#8221;default&#8221; background_color=&#8221;#e8edeb&#8221; background_color_opacity=&#8221;1&#8243; background_hover_color_opacity=&#8221;1&#8243; column_backdrop_filter=&#8221;none&#8221; column_shadow=&#8221;none&#8221; column_border_radius=&#8221;20px&#8221; column_link_target=&#8221;_self&#8221; column_position=&#8221;default&#8221; gradient_direction=&#8221;left_t_to_right_b&#8221; overlay_strength=&#8221;1&#8243; width=&#8221;7\/12&#8243; tablet_width_inherit=&#8221;default&#8221; animation_type=&#8221;default&#8221; bg_image_animation=&#8221;none&#8221; border_type=&#8221;simple&#8221; column_border_width=&#8221;none&#8221; column_border_style=&#8221;solid&#8221; column_padding_type=&#8221;default&#8221; gradient_type=&#8221;default&#8221;][vc_row_inner column_margin=&#8221;default&#8221; column_direction=&#8221;default&#8221; column_direction_tablet=&#8221;default&#8221; column_direction_phone=&#8221;default&#8221; translate_x=&#8221;-15%&#8221; translate_x_tablet=&#8221;0%&#8221; translate_x_phone=&#8221;0%&#8221; text_align=&#8221;left&#8221; row_position=&#8221;default&#8221; row_position_tablet=&#8221;inherit&#8221; row_position_phone=&#8221;inherit&#8221; overflow=&#8221;visible&#8221; pointer_events=&#8221;all&#8221;][vc_column_inner column_padding=&#8221;no-extra-padding&#8221; column_padding_tablet=&#8221;inherit&#8221; column_padding_phone=&#8221;inherit&#8221; column_padding_position=&#8221;all&#8221; column_element_direction_desktop=&#8221;default&#8221; column_element_spacing=&#8221;default&#8221; desktop_text_alignment=&#8221;default&#8221; tablet_text_alignment=&#8221;default&#8221; phone_text_alignment=&#8221;default&#8221; background_color_opacity=&#8221;1&#8243; background_hover_color_opacity=&#8221;1&#8243; column_backdrop_filter=&#8221;none&#8221; column_shadow=&#8221;none&#8221; column_border_radius=&#8221;none&#8221; column_link_target=&#8221;_self&#8221; overflow=&#8221;visible&#8221; gradient_direction=&#8221;left_to_right&#8221; overlay_strength=&#8221;0.3&#8243; width=&#8221;1\/1&#8243; tablet_width_inherit=&#8221;default&#8221; animation_type=&#8221;default&#8221; bg_image_animation=&#8221;none&#8221; border_type=&#8221;simple&#8221; column_border_width=&#8221;none&#8221; column_border_style=&#8221;solid&#8221;][vc_column_text css_animation=&#8221;none&#8221; css=&#8221;.vc_custom_1737541497781{margin-bottom: 40px !important;}&#8221; max_width=&#8221;550&#8243; text_direction=&#8221;default&#8221;]\n<h2><span style=\"color: #084c5f;\">O nas<\/span><\/h2>\n[\/vc_column_text][vc_column_text css_animation=&#8221;none&#8221; css=&#8221;.vc_custom_1737541612724{margin-bottom: 40px !important;}&#8221; max_width=&#8221;550&#8243; text_direction=&#8221;default&#8221;]<span style=\"font-weight: 400;\">Curaleaf Education to platforma stworzona z\u00a0my\u015bl\u0105 o\u00a0dostarczaniu informacji opartych na dowodach i\u00a0lepszym zrozumieniu marihuany medycznej. Kieruj\u0105c si\u0119 badaniami, wsp\u00f3\u0142czuciem i\u00a0innowacyjno\u015bci\u0105, autorzy platformy stworzyli portal dla interesariuszy z\u00a0ca\u0142ego \u015bwiata, by pom\u00f3c zrozumie\u0107 potencja\u0142 medycyny bazuj\u0105cej na konopiach indyjskich.<\/span><\/p>\n<p><b>Znaczenie edukacji<\/b><\/p>\n<p><span style=\"font-weight: 400;\">Marihuana medyczna to dynamiczna dziedzina medycyny, w\u00a0kt\u00f3rej regularnie pojawiaj\u0105 si\u0119 prze\u0142omowe badania i\u00a0nowe mo\u017cliwo\u015bci terapeutyczne. Edukacja le\u017cy u\u00a0podstaw post\u0119p\u00f3w w\u00a0opiece nad pacjentami i\u00a0umo\u017cliwia pracownikom opieki zdrowotnej podejmowanie \u015bwiadomych decyzji.<\/span><\/p>\n<p><span style=\"font-weight: 400;\">Z\u00a0punktu widzenia pracownik\u00f3w opieki zdrowotnej jest to stale rosn\u0105ca biblioteka zasob\u00f3w, takich jak najnowsze badania, opinie ekspert\u00f3w i\u00a0praktyczne wskaz\u00f3wki, kt\u00f3ra ma na celu umo\u017cliwi\u0107 pog\u0142\u0119bianie wiedzy na temat marihuany medycznej.<\/span><\/p>\n<p><b>Zaanga\u017cowanie w\u00a0rozw\u00f3j wiedzy<\/b><\/p>\n<p><span style=\"font-weight: 400;\">Witryna ta b\u0119dzie rozwijana i\u00a0dostosowywana do szybko zmieniaj\u0105cego si\u0119 krajobrazu przepis\u00f3w i\u00a0bada\u0144 dotycz\u0105cych marihuany medycznej. Dzi\u0119ki zaanga\u017cowaniu tw\u00f3rc\u00f3w w\u00a0dostarczanie rzetelnych i\u00a0dok\u0142adnych informacji zawarto\u015b\u0107 tej witryny jest regularnie weryfikowana i\u00a0stale aktualizowana o\u00a0najnowsze badania.<\/span><\/p>\n<p><b>Opracowane przez Curaleaf International<\/b><\/p>\n<p><span style=\"font-weight: 400;\">Jako \u015bwiatowy lider w\u00a0dziedzinie marihuany medycznej, pragn\u0105cy kszta\u0142towa\u0107 przysz\u0142o\u015b\u0107 konopi indyjskich, Curaleaf International traktuje edukacj\u0119 jako fundament swojej dzia\u0142alno\u015bci. Platforma ma na celu wype\u0142ni\u0107 luk\u0119 w\u00a0dost\u0119pie spo\u0142ecze\u0144stwa do naukowych informacji, dostarczaj\u0105c dok\u0142adne dane umo\u017cliwiaj\u0105ce podejmowanie \u015bwiadomych decyzji, a\u00a0jednocze\u015bnie zwi\u0119kszy\u0107 globaln\u0105 \u015bwiadomo\u015b\u0107 na temat potencja\u0142u terapeutycznego konopi indyjskich.<\/span><\/p>\n<p><span style=\"font-weight: 400;\">Na ka\u017cdym etapie procesu \u2013 od nasiona do pacjenta \u2013 Curaleaf International rozwija swoje\u00a0kompetencje w\u00a0zakresie uprawy, produkcji, przetwarzania i\u00a0dystrybucji marihuany medycznej. Wi\u0119cej informacji o\u00a0Curaleaf International mo\u017cna znale\u017a\u0107 na stronie <\/span><a href=\"http:\/\/www.curaleafinternational.com\"><span style=\"font-weight: 400;\">www.curaleafinternational.com<\/span><\/a><span style=\"font-weight: 400;\">.\u00a0<\/span>[\/vc_column_text][\/vc_column_inner][\/vc_row_inner][\/vc_column][vc_column column_padding=&#8221;no-extra-padding&#8221; column_padding_tablet=&#8221;inherit&#8221; column_padding_phone=&#8221;inherit&#8221; column_padding_position=&#8221;all&#8221; top_margin_phone=&#8221;10%&#8221; column_element_direction_desktop=&#8221;default&#8221; column_element_spacing=&#8221;default&#8221; desktop_text_alignment=&#8221;default&#8221; tablet_text_alignment=&#8221;default&#8221; phone_text_alignment=&#8221;default&#8221; background_color_opacity=&#8221;1&#8243; background_hover_color_opacity=&#8221;1&#8243; column_backdrop_filter=&#8221;none&#8221; column_shadow=&#8221;none&#8221; column_border_radius=&#8221;20px&#8221; column_link_target=&#8221;_self&#8221; column_position=&#8221;default&#8221; zindex=&#8221;100&#8243; gradient_direction=&#8221;left_to_right&#8221; overlay_strength=&#8221;0.3&#8243; width=&#8221;5\/12&#8243; tablet_width_inherit=&#8221;default&#8221; animation_type=&#8221;default&#8221; bg_image_animation=&#8221;none&#8221; border_type=&#8221;simple&#8221; column_border_width=&#8221;none&#8221; column_border_style=&#8221;solid&#8221; column_padding_type=&#8221;default&#8221; gradient_type=&#8221;default&#8221;][vc_row_inner column_margin=&#8221;default&#8221; column_direction=&#8221;default&#8221; column_direction_tablet=&#8221;default&#8221; column_direction_phone=&#8221;default&#8221; text_align=&#8221;left&#8221; row_position=&#8221;default&#8221; row_position_tablet=&#8221;inherit&#8221; row_position_phone=&#8221;inherit&#8221; overflow=&#8221;visible&#8221; pointer_events=&#8221;all&#8221;][vc_column_inner column_padding=&#8221;no-extra-padding&#8221; column_padding_tablet=&#8221;inherit&#8221; column_padding_phone=&#8221;inherit&#8221; column_padding_position=&#8221;all&#8221; column_element_direction_desktop=&#8221;default&#8221; column_element_spacing=&#8221;default&#8221; desktop_text_alignment=&#8221;default&#8221; tablet_text_alignment=&#8221;default&#8221; phone_text_alignment=&#8221;default&#8221; background_color_opacity=&#8221;1&#8243; background_hover_color_opacity=&#8221;1&#8243; column_backdrop_filter=&#8221;none&#8221; column_shadow=&#8221;none&#8221; column_border_radius=&#8221;20px&#8221; column_link_target=&#8221;_self&#8221; overflow=&#8221;visible&#8221; gradient_direction=&#8221;left_to_right&#8221; overlay_strength=&#8221;0.3&#8243; width=&#8221;1\/1&#8243; tablet_width_inherit=&#8221;default&#8221; animation_type=&#8221;default&#8221; bg_image_animation=&#8221;none&#8221; border_type=&#8221;simple&#8221; column_border_width=&#8221;none&#8221; column_border_style=&#8221;solid&#8221; column_padding_type=&#8221;default&#8221; gradient_type=&#8221;default&#8221;][image_with_animation image_url=&#8221;1348&#8243; image_size=&#8221;full&#8221; animation_type=&#8221;entrance&#8221; animation=&#8221;Fade In&#8221; animation_easing=&#8221;default&#8221; animation_movement_type=&#8221;transform_y&#8221; hover_animation=&#8221;none&#8221; alignment=&#8221;right&#8221; border_radius=&#8221;20px&#8221; box_shadow=&#8221;none&#8221; image_loading=&#8221;default&#8221; max_width=&#8221;125%&#8221; max_width_mobile=&#8221;default&#8221; margin_top=&#8221;25%&#8221; margin_bottom=&#8221;25%&#8221; margin_top_tablet=&#8221;0px&#8221; margin_bottom_tablet=&#8221;0px&#8221; margin_top_phone=&#8221;0px&#8221; margin_bottom_phone=&#8221;0px&#8221;][\/vc_column_inner][\/vc_row_inner][\/vc_column][\/vc_row]\n","protected":false},"excerpt":{"rendered":"<p>[vc_row type=&#8221;in_container&#8221; full_screen_row_position=&#8221;middle&#8221; column_margin=&#8221;default&#8221; equal_height=&#8221;yes&#8221; content_placement=&#8221;middle&#8221; column_direction=&#8221;default&#8221; column_direction_tablet=&#8221;default&#8221; column_direction_phone=&#8221;default&#8221; scene_position=&#8221;center&#8221; top_padding=&#8221;0&#8243; bottom_padding=&#8221;5%&#8221; text_color=&#8221;dark&#8221; text_align=&#8221;left&#8221; row_border_radius=&#8221;none&#8221; row_border_radius_applies=&#8221;bg&#8221; overflow=&#8221;visible&#8221; overlay_strength=&#8221;0.3&#8243; gradient_direction=&#8221;left_to_right&#8221; shape_divider_position=&#8221;bottom&#8221; bg_image_animation=&#8221;none&#8221; shape_type=&#8221;&#8221; gradient_type=&#8221;default&#8221;][vc_column column_padding=&#8221;padding-10-percent&#8221; column_padding_tablet=&#8221;inherit&#8221; column_padding_phone=&#8221;inherit&#8221; column_padding_position=&#8221;all&#8221; translate_y=&#8221;20px&#8221; translate_x=&#8221;10%&#8221; translate_y_tablet=&#8221;30px&#8221;&#8230;<\/p>\n","protected":false},"author":1,"featured_media":0,"parent":0,"menu_order":0,"comment_status":"closed","ping_status":"closed","template":"","meta":{"_acf_changed":false,"inline_featured_image":false,"footnotes":""},"class_list":["post-3214","page","type-page","status-publish"],"acf":[],"_links":{"self":[{"href":"https:\/\/www.curaleafeducation.it\/pl\/wp-json\/wp\/v2\/pages\/3214","targetHints":{"allow":["GET"]}}],"collection":[{"href":"https:\/\/www.curaleafeducation.it\/pl\/wp-json\/wp\/v2\/pages"}],"about":[{"href":"https:\/\/www.curaleafeducation.it\/pl\/wp-json\/wp\/v2\/types\/page"}],"author":[{"embeddable":true,"href":"https:\/\/www.curaleafeducation.it\/pl\/wp-json\/wp\/v2\/users\/1"}],"replies":[{"embeddable":true,"href":"https:\/\/www.curaleafeducation.it\/pl\/wp-json\/wp\/v2\/comments?post=3214"}],"version-history":[{"count":7,"href":"https:\/\/www.curaleafeducation.it\/pl\/wp-json\/wp\/v2\/pages\/3214\/revisions"}],"predecessor-version":[{"id":4988,"href":"https:\/\/www.curaleafeducation.it\/pl\/wp-json\/wp\/v2\/pages\/3214\/revisions\/4988"}],"wp:attachment":[{"href":"https:\/\/www.curaleafeducation.it\/pl\/wp-json\/wp\/v2\/media?parent=3214"}],"curies":[{"name":"wp","href":"https:\/\/api.w.org\/{rel}","templated":true}]}}