{"id":566,"date":"2023-05-03T14:39:37","date_gmt":"2023-05-03T12:39:37","guid":{"rendered":"https:\/\/www.curaleafeducation.itprivacy-cookie-policy\/"},"modified":"2025-02-05T13:03:35","modified_gmt":"2025-02-05T12:03:35","slug":"privacy-cookie-policy","status":"publish","type":"page","link":"https:\/\/www.curaleafeducation.it\/fr-ch\/privacy-cookie-policy\/","title":{"rendered":"Privacy &#038; Cookie Policy"},"content":{"rendered":"<p><a href=\"https:\/\/www.iubenda.com\/privacy-policy\/32088307\" class=\"iubenda-white iubenda-noiframe iubenda-embed iubenda-noiframe iub-body-embed\" title=\"Politique de confidentialit\u00e9\">Politique de confidentialit\u00e9<\/a><script type=\"text\/javascript\">(function (w,d) {var loader = function () {var s = d.createElement(\"script\"), tag = d.getElementsByTagName(\"script\")[0]; s.src=\"https:\/\/cdn.iubenda.com\/iubenda.js\"; tag.parentNode.insertBefore(s,tag);}; if(w.addEventListener){w.addEventListener(\"load\", loader, false);}else if(w.attachEvent){w.attachEvent(\"onload\", loader);}else{w.onload = loader;}})(window, document);<\/script><\/p>\n<p><a href=\"https:\/\/www.iubenda.com\/privacy-policy\/32088307\/cookie-policy\" class=\"iubenda-white iubenda-noiframe iubenda-embed iubenda-noiframe iub-body-embed\" title=\"Politique relative aux Cookies\">Politique relative aux Cookies<\/a><script type=\"text\/javascript\">(function (w,d) {var loader = function () {var s = d.createElement(\"script\"), tag = d.getElementsByTagName(\"script\")[0]; s.src=\"https:\/\/cdn.iubenda.com\/iubenda.js\"; tag.parentNode.insertBefore(s,tag);}; if(w.addEventListener){w.addEventListener(\"load\", loader, false);}else if(w.attachEvent){w.attachEvent(\"onload\", loader);}else{w.onload = loader;}})(window, document);<\/script><\/p>\n<p><strong>Avis de non-responsabilit\u00e9<\/strong><br \/>\nLes images utilis\u00e9es dans les articles de ce site Web sont uniquement \u00e0 des fins d\u2019illustration et ne visent pas \u00e0 \u00eatre du mat\u00e9riel promotionnel. Elles sont incluses pour faciliter la compr\u00e9hension du lecteur et ne repr\u00e9sentent aucun produit, service ou approbation sp\u00e9cifique.<br \/>\nNous faisons tout notre possible pour garantir l&#8217;exactitude et la pertinence des images utilis\u00e9es ; cependant, l&#8217;entreprise d\u00e9cline toute responsabilit\u00e9 en cas de mauvaise interpr\u00e9tation ou d&#8217;associations involontaires r\u00e9sultant de leur utilisation.<\/p>\n","protected":false},"excerpt":{"rendered":"<p>Politique de confidentialit\u00e9 Politique relative aux Cookies Avis de non-responsabilit\u00e9 Les images utilis\u00e9es dans les articles de ce site Web sont uniquement \u00e0 des fins d\u2019illustration et ne visent pas&#8230;<\/p>\n","protected":false},"author":1,"featured_media":0,"parent":0,"menu_order":0,"comment_status":"closed","ping_status":"open","template":"","meta":{"_acf_changed":false,"inline_featured_image":false,"footnotes":""},"class_list":["post-566","page","type-page","status-publish"],"acf":[],"_links":{"self":[{"href":"https:\/\/www.curaleafeducation.it\/fr-ch\/wp-json\/wp\/v2\/pages\/566","targetHints":{"allow":["GET"]}}],"collection":[{"href":"https:\/\/www.curaleafeducation.it\/fr-ch\/wp-json\/wp\/v2\/pages"}],"about":[{"href":"https:\/\/www.curaleafeducation.it\/fr-ch\/wp-json\/wp\/v2\/types\/page"}],"author":[{"embeddable":true,"href":"https:\/\/www.curaleafeducation.it\/fr-ch\/wp-json\/wp\/v2\/users\/1"}],"replies":[{"embeddable":true,"href":"https:\/\/www.curaleafeducation.it\/fr-ch\/wp-json\/wp\/v2\/comments?post=566"}],"version-history":[{"count":3,"href":"https:\/\/www.curaleafeducation.it\/fr-ch\/wp-json\/wp\/v2\/pages\/566\/revisions"}],"predecessor-version":[{"id":5266,"href":"https:\/\/www.curaleafeducation.it\/fr-ch\/wp-json\/wp\/v2\/pages\/566\/revisions\/5266"}],"wp:attachment":[{"href":"https:\/\/www.curaleafeducation.it\/fr-ch\/wp-json\/wp\/v2\/media?parent=566"}],"curies":[{"name":"wp","href":"https:\/\/api.w.org\/{rel}","templated":true}]}}