{"id":567,"date":"2023-05-03T14:39:37","date_gmt":"2023-05-03T12:39:37","guid":{"rendered":"https:\/\/www.curaleafeducation.itprivacy-cookie-policy\/"},"modified":"2025-02-05T14:08:26","modified_gmt":"2025-02-05T13:08:26","slug":"privacy-cookie-policy","status":"publish","type":"page","link":"https:\/\/www.curaleafeducation.it\/de-ch\/privacy-cookie-policy\/","title":{"rendered":"Privacy &#038; Cookie Policy"},"content":{"rendered":"<p><a href=\"https:\/\/www.iubenda.com\/privacy-policy\/34533598\" class=\"iubenda-white iubenda-noiframe iubenda-embed iubenda-noiframe iub-body-embed\" title=\"Datenschutzerkl\u00e4rung\">Datenschutzerkl\u00e4rung<\/a><script type=\"text\/javascript\">(function (w,d) {var loader = function () {var s = d.createElement(\"script\"), tag = d.getElementsByTagName(\"script\")[0]; s.src=\"https:\/\/cdn.iubenda.com\/iubenda.js\"; tag.parentNode.insertBefore(s,tag);}; if(w.addEventListener){w.addEventListener(\"load\", loader, false);}else if(w.attachEvent){w.attachEvent(\"onload\", loader);}else{w.onload = loader;}})(window, document);<\/script><\/p>\n<p><a href=\"https:\/\/www.iubenda.com\/privacy-policy\/34533598\/cookie-policy\" class=\"iubenda-white iubenda-noiframe iubenda-embed iubenda-noiframe iub-body-embed\" title=\"Cookie-Richtlinie\">Cookie-Richtlinie<\/a><script type=\"text\/javascript\">(function (w,d) {var loader = function () {var s = d.createElement(\"script\"), tag = d.getElementsByTagName(\"script\")[0]; s.src=\"https:\/\/cdn.iubenda.com\/iubenda.js\"; tag.parentNode.insertBefore(s,tag);}; if(w.addEventListener){w.addEventListener(\"load\", loader, false);}else if(w.attachEvent){w.attachEvent(\"onload\", loader);}else{w.onload = loader;}})(window, document);<\/script><\/p>\n<p><strong>Haftungsausschluss<\/strong><br \/>\nDie in den Artikeln dieser Website verwendeten Bilder dienen ausschlie\u00dflich illustrativen Zwecken und sind nicht als Werbematerial gedacht. Sie werden verwendet, um das Verst\u00e4ndnis der Leser zu erleichtern, und stellen keine spezifischen Produkte, Dienstleistungen oder Empfehlungen dar.<br \/>\nWir bem\u00fchen uns, die Genauigkeit und Angemessenheit der verwendeten Bilder sicherzustellen; das Unternehmen \u00fcbernimmt jedoch keine Haftung f\u00fcr Fehlinterpretationen oder unbeabsichtigte Assoziationen, die sich aus ihrer Verwendung ergeben.<\/p>\n","protected":false},"excerpt":{"rendered":"<p>Datenschutzerkl\u00e4rung Cookie-Richtlinie Haftungsausschluss Die in den Artikeln dieser Website verwendeten Bilder dienen ausschlie\u00dflich illustrativen Zwecken und sind nicht als Werbematerial gedacht. Sie werden verwendet, um das Verst\u00e4ndnis der Leser zu&#8230;<\/p>\n","protected":false},"author":1,"featured_media":0,"parent":0,"menu_order":0,"comment_status":"closed","ping_status":"open","template":"","meta":{"_acf_changed":false,"inline_featured_image":false,"footnotes":""},"class_list":["post-567","page","type-page","status-publish"],"acf":[],"_links":{"self":[{"href":"https:\/\/www.curaleafeducation.it\/de-ch\/wp-json\/wp\/v2\/pages\/567","targetHints":{"allow":["GET"]}}],"collection":[{"href":"https:\/\/www.curaleafeducation.it\/de-ch\/wp-json\/wp\/v2\/pages"}],"about":[{"href":"https:\/\/www.curaleafeducation.it\/de-ch\/wp-json\/wp\/v2\/types\/page"}],"author":[{"embeddable":true,"href":"https:\/\/www.curaleafeducation.it\/de-ch\/wp-json\/wp\/v2\/users\/1"}],"replies":[{"embeddable":true,"href":"https:\/\/www.curaleafeducation.it\/de-ch\/wp-json\/wp\/v2\/comments?post=567"}],"version-history":[{"count":2,"href":"https:\/\/www.curaleafeducation.it\/de-ch\/wp-json\/wp\/v2\/pages\/567\/revisions"}],"predecessor-version":[{"id":5267,"href":"https:\/\/www.curaleafeducation.it\/de-ch\/wp-json\/wp\/v2\/pages\/567\/revisions\/5267"}],"wp:attachment":[{"href":"https:\/\/www.curaleafeducation.it\/de-ch\/wp-json\/wp\/v2\/media?parent=567"}],"curies":[{"name":"wp","href":"https:\/\/api.w.org\/{rel}","templated":true}]}}