{"id":525,"date":"2023-05-10T09:26:52","date_gmt":"2023-05-10T07:26:52","guid":{"rendered":"https:\/\/www.curaleafeducation.itcontatti\/"},"modified":"2025-01-24T16:28:47","modified_gmt":"2025-01-24T15:28:47","slug":"kontakt","status":"publish","type":"page","link":"https:\/\/www.curaleafeducation.it\/de-ch\/kontakt\/","title":{"rendered":"Kontakte"},"content":{"rendered":"[vc_row type=&#187;full_width_background&#187; full_screen_row_position=&#187;middle&#187; column_margin=&#187;default&#187; column_direction=&#187;default&#187; column_direction_tablet=&#187;default&#187; column_direction_phone=&#187;default&#187; bg_color=&#187;#efe9e9&#8243; scene_position=&#187;center&#187; top_padding=&#187;5%&#187; text_color=&#187;dark&#187; text_align=&#187;left&#187; row_border_radius=&#187;none&#187; row_border_radius_applies=&#187;bg&#187; zindex=&#187;100&#8243; overflow=&#187;visible&#187; overlay_strength=&#187;0.3&#8243; gradient_direction=&#187;left_to_right&#187; shape_divider_position=&#187;bottom&#187; bg_image_animation=&#187;none&#187; shape_type=&#187;&#187; gradient_type=&#187;default&#187;][vc_column column_padding=&#187;no-extra-padding&#187; column_padding_tablet=&#187;inherit&#187; column_padding_phone=&#187;inherit&#187; column_padding_position=&#187;all&#187; column_element_direction_desktop=&#187;default&#187; column_element_spacing=&#187;default&#187; desktop_text_alignment=&#187;default&#187; tablet_text_alignment=&#187;default&#187; phone_text_alignment=&#187;default&#187; background_color_opacity=&#187;1&#8243; background_hover_color_opacity=&#187;1&#8243; column_backdrop_filter=&#187;none&#187; column_shadow=&#187;none&#187; column_border_radius=&#187;none&#187; column_link_target=&#187;_self&#187; column_position=&#187;default&#187; gradient_direction=&#187;left_to_right&#187; overlay_strength=&#187;0.3&#8243; width=&#187;1\/1&#8243; tablet_width_inherit=&#187;default&#187; animation_type=&#187;default&#187; bg_image_animation=&#187;none&#187; border_type=&#187;simple&#187; column_border_width=&#187;none&#187; column_border_style=&#187;solid&#187;][vc_row_inner column_margin=&#187;default&#187; column_direction=&#187;default&#187; column_direction_tablet=&#187;default&#187; column_direction_phone=&#187;default&#187; bottom_padding=&#187;4%&#187; text_align=&#187;left&#187; row_position=&#187;default&#187; row_position_tablet=&#187;inherit&#187; row_position_phone=&#187;inherit&#187; overflow=&#187;visible&#187; pointer_events=&#187;all&#187;][vc_column_inner column_padding=&#187;no-extra-padding&#187; column_padding_tablet=&#187;inherit&#187; column_padding_phone=&#187;inherit&#187; column_padding_position=&#187;all&#187; column_element_direction_desktop=&#187;default&#187; column_element_spacing=&#187;default&#187; centered_text=&#187;true&#187; desktop_text_alignment=&#187;default&#187; tablet_text_alignment=&#187;default&#187; phone_text_alignment=&#187;default&#187; background_color_opacity=&#187;1&#8243; background_hover_color_opacity=&#187;1&#8243; column_backdrop_filter=&#187;none&#187; font_color=&#187;#ffffff&#187; column_shadow=&#187;none&#187; column_border_radius=&#187;none&#187; column_link_target=&#187;_self&#187; overflow=&#187;visible&#187; gradient_direction=&#187;left_to_right&#187; overlay_strength=&#187;0.3&#8243; width=&#187;1\/1&#8243; tablet_width_inherit=&#187;default&#187; animation_type=&#187;default&#187; bg_image_animation=&#187;none&#187; border_type=&#187;simple&#187; column_border_width=&#187;none&#187; column_border_style=&#187;solid&#187;][split_line_heading animation_type=&#187;twist-in&#187; font_style=&#187;h1&#8243; text_color=&#187;#084c5f&#187; content_alignment=&#187;default&#187; mobile_content_alignment=&#187;inherit&#187; link_target=&#187;_self&#187; text_content=&#187;Kontaktieren Sie uns&#187; text_direction=&#187;default&#187;][\/split_line_heading][\/vc_column_inner][\/vc_row_inner][vc_row_inner column_margin=&#187;default&#187; column_direction=&#187;default&#187; column_direction_tablet=&#187;default&#187; column_direction_phone=&#187;default&#187; bottom_padding=&#187;100&#8243; text_align=&#187;left&#187; row_position=&#187;default&#187; row_position_tablet=&#187;inherit&#187; row_position_phone=&#187;inherit&#187; overflow=&#187;hidden&#187; pointer_events=&#187;all&#187; css=&#187;.vc_custom_1695632994044{margin-bottom: 100px !important;}&#187;][vc_column_inner column_padding=&#187;padding-6-percent&#187; column_padding_tablet=&#187;inherit&#187; column_padding_phone=&#187;inherit&#187; column_padding_position=&#187;all&#187; bottom_margin=&#187;-10%&#187; column_element_direction_desktop=&#187;default&#187; column_element_spacing=&#187;default&#187; desktop_text_alignment=&#187;default&#187; tablet_text_alignment=&#187;default&#187; phone_text_alignment=&#187;default&#187; background_color=&#187;#ffffff&#187; background_color_opacity=&#187;1&#8243; background_hover_color_opacity=&#187;1&#8243; column_backdrop_filter=&#187;none&#187; column_shadow=&#187;none&#187; column_border_radius=&#187;20px&#187; column_link_target=&#187;_self&#187; overflow=&#187;visible&#187; gradient_direction=&#187;left_to_right&#187; overlay_strength=&#187;0.3&#8243; width=&#187;1\/1&#8243; tablet_width_inherit=&#187;default&#187; animation_type=&#187;default&#187; enable_animation=&#187;true&#187; animation=&#187;fade-in-from-bottom&#187; animation_easing=&#187;default&#187; bg_image_animation=&#187;none&#187; border_type=&#187;simple&#187; column_border_width=&#187;none&#187; column_border_style=&#187;solid&#187; column_padding_type=&#187;default&#187; gradient_type=&#187;default&#187;][vc_column_text text_direction=&#187;default&#187;]\n<h5 style=\"text-align: center;\">F\u00fcllen Sie das Formular aus<\/h5>\n<div style=\"text-align: center;\">\n<div class=\"wpcf7 no-js\" id=\"wpcf7-f2427-o1\" lang=\"de-CH\" dir=\"ltr\" data-wpcf7-id=\"2427\">\n<div class=\"screen-reader-response\"><p role=\"status\" aria-live=\"polite\" aria-atomic=\"true\"><\/p> <ul><\/ul><\/div>\n<form action=\"\/de-ch\/wp-json\/wp\/v2\/pages\/525#wpcf7-f2427-o1\" method=\"post\" class=\"wpcf7-form init\" aria-label=\"Contact form\" novalidate=\"novalidate\" data-status=\"init\">\n<fieldset class=\"hidden-fields-container\"><input type=\"hidden\" name=\"_wpcf7\" value=\"2427\" \/><input type=\"hidden\" name=\"_wpcf7_version\" value=\"6.1.5\" \/><input type=\"hidden\" name=\"_wpcf7_locale\" value=\"de_CH\" \/><input type=\"hidden\" name=\"_wpcf7_unit_tag\" value=\"wpcf7-f2427-o1\" \/><input type=\"hidden\" name=\"_wpcf7_container_post\" value=\"0\" \/><input type=\"hidden\" name=\"_wpcf7_posted_data_hash\" value=\"\" \/><input type=\"hidden\" name=\"_wpcf7cf_hidden_group_fields\" value=\"[]\" \/><input type=\"hidden\" name=\"_wpcf7cf_hidden_groups\" value=\"[]\" \/><input type=\"hidden\" name=\"_wpcf7cf_visible_groups\" value=\"[]\" \/><input type=\"hidden\" name=\"_wpcf7cf_repeaters\" value=\"[]\" \/><input type=\"hidden\" name=\"_wpcf7cf_steps\" value=\"{}\" \/><input type=\"hidden\" name=\"_wpcf7cf_options\" value=\"{&quot;form_id&quot;:2427,&quot;conditions&quot;:[{&quot;then_field&quot;:&quot;specialista&quot;,&quot;and_rules&quot;:[{&quot;if_field&quot;:&quot;titolo-professionale&quot;,&quot;operator&quot;:&quot;equals&quot;,&quot;if_value&quot;:&quot;Facharzt&quot;}]}],&quot;settings&quot;:{&quot;animation&quot;:&quot;yes&quot;,&quot;animation_intime&quot;:200,&quot;animation_outtime&quot;:200,&quot;conditions_ui&quot;:&quot;normal&quot;,&quot;notice_dismissed&quot;:false,&quot;notice_dismissed_rollback-cf7-6.0.4&quot;:true}}\" \/><input type=\"hidden\" name=\"_wpcf7_recaptcha_response\" value=\"\" \/>\n<\/fieldset>\n<div class=\"cf7-container\">\n\t<div class=\"cf7-item\">\n\t\t<p><label> Nachname<br \/>\n<span class=\"wpcf7-form-control-wrap\" data-name=\"cognome\"><input size=\"40\" maxlength=\"400\" class=\"wpcf7-form-control wpcf7-text wpcf7-validates-as-required\" autocomplete=\"cognome\" aria-required=\"true\" aria-invalid=\"false\" value=\"\" type=\"text\" name=\"cognome\" \/><\/span> <\/label>\n\t\t<\/p>\n\t<\/div>\n\t<div class=\"cf7-item\">\n\t\t<p><label> Name<br \/>\n<span class=\"wpcf7-form-control-wrap\" data-name=\"nome\"><input size=\"40\" maxlength=\"400\" class=\"wpcf7-form-control wpcf7-text wpcf7-validates-as-required\" autocomplete=\"nome\" aria-required=\"true\" aria-invalid=\"false\" value=\"\" type=\"text\" name=\"nome\" \/><\/span> <\/label>\n\t\t<\/p>\n\t<\/div>\n\t<div class=\"cf7-item\">\n\t\t<p><label> E-Mail Adresse<br \/>\n<span class=\"wpcf7-form-control-wrap\" data-name=\"email\"><input size=\"40\" maxlength=\"400\" class=\"wpcf7-form-control wpcf7-email wpcf7-validates-as-required wpcf7-text wpcf7-validates-as-email\" autocomplete=\"email\" aria-required=\"true\" aria-invalid=\"false\" value=\"\" type=\"email\" name=\"email\" \/><\/span> <\/label>\n\t\t<\/p>\n\t<\/div>\n\t<div class=\"cf7-item\">\n\t\t<p><label> Rufnummer<br \/>\n<span class=\"wpcf7-form-control-wrap\" data-name=\"telefono\"><input size=\"40\" maxlength=\"400\" class=\"wpcf7-form-control wpcf7-tel wpcf7-validates-as-required wpcf7-text wpcf7-validates-as-tel\" aria-required=\"true\" aria-invalid=\"false\" value=\"\" type=\"tel\" name=\"telefono\" \/><\/span> <\/label>\n\t\t<\/p>\n\t<\/div>\n\t<div class=\"cf7-item\">\n\t\t<p><label> Berufsbezeichnung<br \/>\n<span class=\"wpcf7-form-control-wrap\" data-name=\"titolo-professionale\"><select class=\"wpcf7-form-control wpcf7-select wpcf7-validates-as-required\" aria-required=\"true\" aria-invalid=\"false\" name=\"titolo-professionale\"><option value=\"Allgemeinmediziner\">Allgemeinmediziner<\/option><option value=\"Facharzt\">Facharzt<\/option><\/select><\/span> <\/label>\n\t\t<\/p>\n\t<\/div>\n\t<div class=\"cf7-item\">\n\t\t<div data-id=\"specialista\" data-orig_data_id=\"specialista\" data-clear_on_hide class=\"\" data-class=\"wpcf7cf_group\">\n\t\t\t<p><label> Medizinisches Fachgebiet<br \/>\n<span class=\"wpcf7-form-control-wrap\" data-name=\"specializzazione\"><select class=\"wpcf7-form-control wpcf7-select wpcf7-validates-as-required\" aria-required=\"true\" aria-invalid=\"false\" name=\"specializzazione\"><option value=\"An\u00e4sthesiologie\">An\u00e4sthesiologie<\/option><option value=\"Dermatologie\">Dermatologie<\/option><option value=\"Gastroenterologie\">Gastroenterologie<\/option><option value=\"Geriatrie\">Geriatrie<\/option><option value=\"Neurologie\">Neurologie<\/option><option value=\"Ophthalmologie\">Ophthalmologie<\/option><option value=\"Onkologie\">Onkologie<\/option><option value=\"Geburtshilfe und Gyn\u00e4kologie\">Geburtshilfe und Gyn\u00e4kologie<\/option><option value=\"Psychiatrie\">Psychiatrie<\/option><option value=\"Klinische Psychologie\">Klinische Psychologie<\/option><option value=\"Rheumatologie\">Rheumatologie<\/option><option value=\"Schmerztherapie\">Schmerztherapie<\/option><option value=\"Andere Spezialisierung\">Andere Spezialisierung<\/option><\/select><\/span> <\/label>\n\t\t\t<\/p>\n\t\t<\/div>\n\t<\/div>\n\t<div data-id=\"specifica\" data-orig_data_id=\"specifica\" data-clear_on_hide class=\"\" data-class=\"wpcf7cf_group\">\n\t\t<div class=\"cf7-item\">\n\t\t\t<p><label> Geben Sie Spezialisierung<br \/>\n<span class=\"wpcf7-form-control-wrap\" data-name=\"specifica-specializzazione\"><input size=\"40\" maxlength=\"400\" class=\"wpcf7-form-control wpcf7-text wpcf7-validates-as-required\" aria-required=\"true\" aria-invalid=\"false\" value=\"\" type=\"text\" name=\"specifica-specializzazione\" \/><\/span> <\/label>\n\t\t\t<\/p>\n\t\t<\/div>\n\t<\/div>\n\t<div class=\"cf7-item\">\n\t<\/div>\n<\/div>\n<div style=\"width:100%!important\">\n\t<p><label> Nachricht (optionalen)<br \/>\n<span class=\"wpcf7-form-control-wrap\" data-name=\"messaggio\"><textarea cols=\"40\" rows=\"10\" maxlength=\"2000\" class=\"wpcf7-form-control wpcf7-textarea\" aria-invalid=\"false\" name=\"messaggio\"><\/textarea><\/span> <\/label>\n\t<\/p>\n<\/div>\n<div style=\"width:100%!important;text-align:left;padding:20px 0;\">\n\t<h5>HAFTUNGSAUSSCHLUSS\n\t<\/h5>\n\t<p>Die auf dieser Website bereitgestellten Informationen dienen ausschlie\u00dflich Bildungszwecken. Der \u00f6ffentliche Bereich enth\u00e4lt allgemeine Informationen und sollte nicht als medizinischer Rat betrachtet werden. Inhalte, die f\u00fcr registrierte Gesundheitsfachkr\u00e4fte bestimmt sind, sind auf verifizierte Personen in bestimmten Rechtsgebieten beschr\u00e4nkt und sollen die klinische Entscheidungsfindung erg\u00e4nzen, nicht ersetzen. Nutzern wird empfohlen, ihre lokalen Vorschriften und professionellen Richtlinien zu konsultieren, um die Einhaltung sicherzustellen.<br \/>\nIndem Sie sich registrieren, um auf die Informationen dieser Website zuzugreifen, best\u00e4tigen Sie, dass:\n\t<\/p>\n<\/div>\n<div style=\"width:100%!important;text-align:left;padding-bottom: 20px;\">\n\t<p><span class=\"wpcf7-form-control-wrap\" data-name=\"medico-autorizzato\"><span class=\"wpcf7-form-control wpcf7-checkbox wpcf7-validates-as-required\"><span class=\"wpcf7-list-item first last\"><label><input type=\"checkbox\" name=\"medico-autorizzato[]\" value=\"dass Sie ein zugelassener Arzt sind;\" \/><span class=\"wpcf7-list-item-label\">dass Sie ein zugelassener Arzt sind;<\/span><\/label><\/span><\/span><\/span><br \/>\n<span class=\"wpcf7-form-control-wrap\" data-name=\"acceptance\"><span class=\"wpcf7-form-control wpcf7-acceptance\"><span class=\"wpcf7-list-item\"><label><input type=\"checkbox\" name=\"acceptance\" value=\"1\" aria-invalid=\"false\" \/><span class=\"wpcf7-list-item-label\">dass Sie unsere Datenschutzrichtlinie <a href=\"\/de-ch\/privacy-cookie-policy\" target=\"_blank\">Privacy Policy<\/a> gelesen haben.<\/span><\/label><\/span><\/span><\/span>\n\t<\/p>\n<\/div>\n<div style=\"width:100%!important;text-align:left;padding:20px 0;\">\n\t<p>Ihre pers\u00f6nlichen Daten werden von Curaleaf International Pharma Sagl, Via Trevani, 1, 6600 - Locarno verarbeitet, um Ihnen den Zugang zum reservierten Bereich der Website zu erm\u00f6glichen.<br \/>\nSie k\u00f6nnen Ihre Rechte auf Auskunft, Berichtigung, L\u00f6schung, Widerspruch, \u00dcbertragbarkeit und Einschr\u00e4nkung der Verarbeitung Ihrer personenbezogenen Daten aus\u00fcben, indem Sie eine E-Mail an <a target=\"_blank\" href=\"mailto:pharma@curaleafint.com\">pharma@curaleafint.com<\/a> senden.\n\t<\/p>\n<\/div>\n<div style=\"width:100%!important\">\n\t<p><input class=\"wpcf7-form-control wpcf7-submit has-spinner\" type=\"submit\" value=\"Senden\" \/>\n\t<\/p>\n<\/div><div class=\"wpcf7-response-output\" aria-hidden=\"true\"><\/div>\n<\/form>\n<\/div>\n<\/div>\n[\/vc_column_text][\/vc_column_inner][\/vc_row_inner][\/vc_column][\/vc_row]\n","protected":false},"excerpt":{"rendered":"<p>[vc_row type=&#187;full_width_background&#187; full_screen_row_position=&#187;middle&#187; column_margin=&#187;default&#187; column_direction=&#187;default&#187; column_direction_tablet=&#187;default&#187; column_direction_phone=&#187;default&#187; bg_color=&#187;#efe9e9&#8243; scene_position=&#187;center&#187; top_padding=&#187;5%&#187; text_color=&#187;dark&#187; text_align=&#187;left&#187; row_border_radius=&#187;none&#187; row_border_radius_applies=&#187;bg&#187; zindex=&#187;100&#8243; overflow=&#187;visible&#187; overlay_strength=&#187;0.3&#8243; gradient_direction=&#187;left_to_right&#187; shape_divider_position=&#187;bottom&#187; bg_image_animation=&#187;none&#187; shape_type=&#187;&#187; gradient_type=&#187;default&#187;][vc_column column_padding=&#187;no-extra-padding&#187; column_padding_tablet=&#187;inherit&#187; column_padding_phone=&#187;inherit&#187; column_padding_position=&#187;all&#187; column_element_direction_desktop=&#187;default&#187; column_element_spacing=&#187;default&#187; desktop_text_alignment=&#187;default&#187; tablet_text_alignment=&#187;default&#187;&#8230;<\/p>\n","protected":false},"author":1,"featured_media":0,"parent":0,"menu_order":0,"comment_status":"closed","ping_status":"closed","template":"","meta":{"_acf_changed":false,"inline_featured_image":false,"footnotes":""},"class_list":["post-525","page","type-page","status-publish"],"acf":[],"_links":{"self":[{"href":"https:\/\/www.curaleafeducation.it\/de-ch\/wp-json\/wp\/v2\/pages\/525","targetHints":{"allow":["GET"]}}],"collection":[{"href":"https:\/\/www.curaleafeducation.it\/de-ch\/wp-json\/wp\/v2\/pages"}],"about":[{"href":"https:\/\/www.curaleafeducation.it\/de-ch\/wp-json\/wp\/v2\/types\/page"}],"author":[{"embeddable":true,"href":"https:\/\/www.curaleafeducation.it\/de-ch\/wp-json\/wp\/v2\/users\/1"}],"replies":[{"embeddable":true,"href":"https:\/\/www.curaleafeducation.it\/de-ch\/wp-json\/wp\/v2\/comments?post=525"}],"version-history":[{"count":15,"href":"https:\/\/www.curaleafeducation.it\/de-ch\/wp-json\/wp\/v2\/pages\/525\/revisions"}],"predecessor-version":[{"id":5014,"href":"https:\/\/www.curaleafeducation.it\/de-ch\/wp-json\/wp\/v2\/pages\/525\/revisions\/5014"}],"wp:attachment":[{"href":"https:\/\/www.curaleafeducation.it\/de-ch\/wp-json\/wp\/v2\/media?parent=525"}],"curies":[{"name":"wp","href":"https:\/\/api.w.org\/{rel}","templated":true}]}}