{"id":1052,"date":"2023-09-25T11:25:45","date_gmt":"2023-09-25T09:25:45","guid":{"rendered":"https:\/\/www.curaleafeducation.itchi-siamo\/"},"modified":"2025-01-24T15:32:15","modified_gmt":"2025-01-24T14:32:15","slug":"uber-uns","status":"publish","type":"page","link":"https:\/\/www.curaleafeducation.it\/de-ch\/uber-uns\/","title":{"rendered":"\u00dcber uns"},"content":{"rendered":"[vc_row type=&#187;in_container&#187; full_screen_row_position=&#187;middle&#187; column_margin=&#187;default&#187; equal_height=&#187;yes&#187; content_placement=&#187;middle&#187; column_direction=&#187;default&#187; column_direction_tablet=&#187;default&#187; column_direction_phone=&#187;default&#187; scene_position=&#187;center&#187; top_padding=&#187;0&#8243; bottom_padding=&#187;5%&#187; text_color=&#187;dark&#187; text_align=&#187;left&#187; row_border_radius=&#187;none&#187; row_border_radius_applies=&#187;bg&#187; overflow=&#187;visible&#187; overlay_strength=&#187;0.3&#8243; gradient_direction=&#187;left_to_right&#187; shape_divider_position=&#187;bottom&#187; bg_image_animation=&#187;none&#187; shape_type=&#187;&#187; gradient_type=&#187;default&#187;][vc_column column_padding=&#187;padding-10-percent&#187; column_padding_tablet=&#187;inherit&#187; column_padding_phone=&#187;inherit&#187; column_padding_position=&#187;all&#187; translate_y=&#187;20px&#187; translate_x=&#187;10%&#187; translate_y_tablet=&#187;30px&#187; translate_x_tablet=&#187;0px&#187; translate_x_phone=&#187;nonw&#187; column_element_direction_desktop=&#187;default&#187; column_element_spacing=&#187;default&#187; desktop_text_alignment=&#187;default&#187; tablet_text_alignment=&#187;default&#187; phone_text_alignment=&#187;default&#187; background_color=&#187;#e8edeb&#187; background_color_opacity=&#187;1&#8243; background_hover_color_opacity=&#187;1&#8243; column_backdrop_filter=&#187;none&#187; column_shadow=&#187;none&#187; column_border_radius=&#187;20px&#187; column_link_target=&#187;_self&#187; column_position=&#187;default&#187; gradient_direction=&#187;left_t_to_right_b&#187; overlay_strength=&#187;1&#8243; width=&#187;7\/12&#8243; tablet_width_inherit=&#187;default&#187; animation_type=&#187;default&#187; bg_image_animation=&#187;none&#187; border_type=&#187;simple&#187; column_border_width=&#187;none&#187; column_border_style=&#187;solid&#187; column_padding_type=&#187;default&#187; gradient_type=&#187;default&#187;][vc_row_inner column_margin=&#187;default&#187; column_direction=&#187;default&#187; column_direction_tablet=&#187;default&#187; column_direction_phone=&#187;default&#187; translate_x=&#187;-15%&#187; translate_x_tablet=&#187;0%&#187; translate_x_phone=&#187;0%&#187; text_align=&#187;left&#187; row_position=&#187;default&#187; row_position_tablet=&#187;inherit&#187; row_position_phone=&#187;inherit&#187; overflow=&#187;visible&#187; pointer_events=&#187;all&#187;][vc_column_inner column_padding=&#187;no-extra-padding&#187; column_padding_tablet=&#187;inherit&#187; column_padding_phone=&#187;inherit&#187; column_padding_position=&#187;all&#187; column_element_direction_desktop=&#187;default&#187; column_element_spacing=&#187;default&#187; desktop_text_alignment=&#187;default&#187; tablet_text_alignment=&#187;default&#187; phone_text_alignment=&#187;default&#187; background_color_opacity=&#187;1&#8243; background_hover_color_opacity=&#187;1&#8243; column_backdrop_filter=&#187;none&#187; column_shadow=&#187;none&#187; column_border_radius=&#187;none&#187; column_link_target=&#187;_self&#187; overflow=&#187;visible&#187; gradient_direction=&#187;left_to_right&#187; overlay_strength=&#187;0.3&#8243; width=&#187;1\/1&#8243; tablet_width_inherit=&#187;default&#187; animation_type=&#187;default&#187; bg_image_animation=&#187;none&#187; border_type=&#187;simple&#187; column_border_width=&#187;none&#187; column_border_style=&#187;solid&#187;][vc_column_text css_animation=&#187;none&#187; css=&#187;.vc_custom_1729171876918{margin-bottom: 40px !important;}&#187; max_width=&#187;550&#8243; text_direction=&#187;default&#187;]\n<h2><span style=\"color: #084c5f;\">\u00dcber uns<\/span><\/h2>\n[\/vc_column_text][vc_column_text css_animation=&#187;none&#187; css=&#187;.vc_custom_1729774710846{margin-bottom: 40px !important;}&#187; max_width=&#187;550&#8243; text_direction=&#187;default&#187;]Das Verlagsprojekt Curaleaf Education hat sich zum Ziel gesetzt, eine Kultur f\u00fcr medizinisches Cannabis zu schaffen, damit es allen Patienten, die es ben\u00f6tigen, verschrieben werden kann und sie von seiner therapeutischen Wirkung bestm\u00f6glich profitieren k\u00f6nnen.<\/p>\n<p>Dieses Projekt wird von Curaleaf International gef\u00f6rdert, einem f\u00fchrenden europ\u00e4ischen Unternehmen, das auf die Herstellung und den Vertrieb von Arzneimitteln und Wirkstoffen aus Cannabis spezialisiert ist und seine Lieferkette vollst\u00e4ndig kontrolliert.<\/p>\n<p>Durch sein Engagement in der Forschung und Entwicklung, um Spitzenleistungen in der Produktion von Arzneimitteln und Wirkstoffen aus Cannabis zu erreichen, strebt Curaleaf danach, seine Produkte allen Patienten zur Verf\u00fcgung zu stellen und dem Markt zuverl\u00e4ssige Produkte und ausgezeichnete Dienstleistungen anzubieten.[\/vc_column_text][\/vc_column_inner][\/vc_row_inner][\/vc_column][vc_column column_padding=&#187;no-extra-padding&#187; column_padding_tablet=&#187;inherit&#187; column_padding_phone=&#187;inherit&#187; column_padding_position=&#187;all&#187; top_margin_phone=&#187;10%&#187; column_element_direction_desktop=&#187;default&#187; column_element_spacing=&#187;default&#187; desktop_text_alignment=&#187;default&#187; tablet_text_alignment=&#187;default&#187; phone_text_alignment=&#187;default&#187; background_color_opacity=&#187;1&#8243; background_hover_color_opacity=&#187;1&#8243; column_backdrop_filter=&#187;none&#187; column_shadow=&#187;none&#187; column_border_radius=&#187;20px&#187; column_link_target=&#187;_self&#187; column_position=&#187;default&#187; zindex=&#187;100&#8243; gradient_direction=&#187;left_to_right&#187; overlay_strength=&#187;0.3&#8243; width=&#187;5\/12&#8243; tablet_width_inherit=&#187;default&#187; animation_type=&#187;default&#187; bg_image_animation=&#187;none&#187; border_type=&#187;simple&#187; column_border_width=&#187;none&#187; column_border_style=&#187;solid&#187; column_padding_type=&#187;default&#187; gradient_type=&#187;default&#187;][vc_row_inner column_margin=&#187;default&#187; column_direction=&#187;default&#187; column_direction_tablet=&#187;default&#187; column_direction_phone=&#187;default&#187; text_align=&#187;left&#187; row_position=&#187;default&#187; row_position_tablet=&#187;inherit&#187; row_position_phone=&#187;inherit&#187; overflow=&#187;visible&#187; pointer_events=&#187;all&#187;][vc_column_inner column_padding=&#187;no-extra-padding&#187; column_padding_tablet=&#187;inherit&#187; column_padding_phone=&#187;inherit&#187; column_padding_position=&#187;all&#187; column_element_direction_desktop=&#187;default&#187; column_element_spacing=&#187;default&#187; desktop_text_alignment=&#187;default&#187; tablet_text_alignment=&#187;default&#187; phone_text_alignment=&#187;default&#187; background_color_opacity=&#187;1&#8243; background_hover_color_opacity=&#187;1&#8243; column_backdrop_filter=&#187;none&#187; column_shadow=&#187;none&#187; column_border_radius=&#187;20px&#187; column_link_target=&#187;_self&#187; overflow=&#187;visible&#187; gradient_direction=&#187;left_to_right&#187; overlay_strength=&#187;0.3&#8243; width=&#187;1\/1&#8243; tablet_width_inherit=&#187;default&#187; animation_type=&#187;default&#187; bg_image_animation=&#187;none&#187; border_type=&#187;simple&#187; column_border_width=&#187;none&#187; column_border_style=&#187;solid&#187; column_padding_type=&#187;default&#187; gradient_type=&#187;default&#187;][image_with_animation image_url=&#187;1348&#8243; image_size=&#187;full&#187; animation_type=&#187;entrance&#187; animation=&#187;Fade In&#187; animation_easing=&#187;default&#187; animation_movement_type=&#187;transform_y&#187; hover_animation=&#187;none&#187; alignment=&#187;right&#187; border_radius=&#187;20px&#187; box_shadow=&#187;none&#187; image_loading=&#187;default&#187; max_width=&#187;125%&#187; max_width_mobile=&#187;default&#187; margin_top=&#187;25%&#187; margin_bottom=&#187;25%&#187; margin_top_tablet=&#187;0px&#187; margin_bottom_tablet=&#187;0px&#187; margin_top_phone=&#187;0px&#187; margin_bottom_phone=&#187;0px&#187;][\/vc_column_inner][\/vc_row_inner][\/vc_column][\/vc_row]\n","protected":false},"excerpt":{"rendered":"<p>[vc_row type=&#187;in_container&#187; full_screen_row_position=&#187;middle&#187; column_margin=&#187;default&#187; equal_height=&#187;yes&#187; content_placement=&#187;middle&#187; column_direction=&#187;default&#187; column_direction_tablet=&#187;default&#187; column_direction_phone=&#187;default&#187; scene_position=&#187;center&#187; top_padding=&#187;0&#8243; bottom_padding=&#187;5%&#187; text_color=&#187;dark&#187; text_align=&#187;left&#187; row_border_radius=&#187;none&#187; row_border_radius_applies=&#187;bg&#187; overflow=&#187;visible&#187; overlay_strength=&#187;0.3&#8243; gradient_direction=&#187;left_to_right&#187; shape_divider_position=&#187;bottom&#187; bg_image_animation=&#187;none&#187; shape_type=&#187;&#187; gradient_type=&#187;default&#187;][vc_column column_padding=&#187;padding-10-percent&#187; column_padding_tablet=&#187;inherit&#187; column_padding_phone=&#187;inherit&#187; column_padding_position=&#187;all&#187; translate_y=&#187;20px&#187; translate_x=&#187;10%&#187; translate_y_tablet=&#187;30px&#187;&#8230;<\/p>\n","protected":false},"author":1,"featured_media":0,"parent":0,"menu_order":0,"comment_status":"closed","ping_status":"closed","template":"","meta":{"_acf_changed":false,"inline_featured_image":false,"footnotes":""},"class_list":["post-1052","page","type-page","status-publish"],"acf":[],"_links":{"self":[{"href":"https:\/\/www.curaleafeducation.it\/de-ch\/wp-json\/wp\/v2\/pages\/1052","targetHints":{"allow":["GET"]}}],"collection":[{"href":"https:\/\/www.curaleafeducation.it\/de-ch\/wp-json\/wp\/v2\/pages"}],"about":[{"href":"https:\/\/www.curaleafeducation.it\/de-ch\/wp-json\/wp\/v2\/types\/page"}],"author":[{"embeddable":true,"href":"https:\/\/www.curaleafeducation.it\/de-ch\/wp-json\/wp\/v2\/users\/1"}],"replies":[{"embeddable":true,"href":"https:\/\/www.curaleafeducation.it\/de-ch\/wp-json\/wp\/v2\/comments?post=1052"}],"version-history":[{"count":11,"href":"https:\/\/www.curaleafeducation.it\/de-ch\/wp-json\/wp\/v2\/pages\/1052\/revisions"}],"predecessor-version":[{"id":4991,"href":"https:\/\/www.curaleafeducation.it\/de-ch\/wp-json\/wp\/v2\/pages\/1052\/revisions\/4991"}],"wp:attachment":[{"href":"https:\/\/www.curaleafeducation.it\/de-ch\/wp-json\/wp\/v2\/media?parent=1052"}],"curies":[{"name":"wp","href":"https:\/\/api.w.org\/{rel}","templated":true}]}}